{"id":41840,"date":"2025-10-01T18:21:51","date_gmt":"2025-10-01T18:21:51","guid":{"rendered":"https:\/\/gaudeo-fit.com\/NOVA\/?post_type=product&#038;p=41840"},"modified":"2026-02-20T14:25:16","modified_gmt":"2026-02-20T13:25:16","slug":"ostrovit-pharma-pill-box","status":"publish","type":"product","link":"https:\/\/gaudeo-fit.com\/it\/product\/ostrovit-pharma-pill-box\/","title":{"rendered":"Scatola per pillole OstroVit Pharma"},"content":{"rendered":"","protected":false},"excerpt":{"rendered":"<p>Priro\u010dna \u0161katlica v razli\u010dnih barvah za shranjevanje tablet, kjerkoli in kadarkoli.<\/p>","protected":false},"featured_media":492,"comment_status":"open","ping_status":"closed","template":"","meta":[],"product_brand":[],"product_cat":[133,125,135,129,132],"product_tag":[],"class_list":{"0":"post-41840","1":"product","2":"type-product","3":"status-publish","4":"has-post-thumbnail","6":"product_cat-bidoni-in-shakerji","7":"product_cat-oblacila-in-pripomocki","8":"product_cat-ostrovit","9":"product_cat-pripomocki","10":"product_cat-proizvajalci","12":"first","13":"outofstock","14":"taxable","15":"shipping-taxable","16":"purchasable","17":"product-type-simple"},"_links":{"self":[{"href":"https:\/\/gaudeo-fit.com\/it\/wp-json\/wp\/v2\/product\/41840","targetHints":{"allow":["GET"]}}],"collection":[{"href":"https:\/\/gaudeo-fit.com\/it\/wp-json\/wp\/v2\/product"}],"about":[{"href":"https:\/\/gaudeo-fit.com\/it\/wp-json\/wp\/v2\/types\/product"}],"replies":[{"embeddable":true,"href":"https:\/\/gaudeo-fit.com\/it\/wp-json\/wp\/v2\/comments?post=41840"}],"wp:featuredmedia":[{"embeddable":true,"href":"https:\/\/gaudeo-fit.com\/it\/wp-json\/wp\/v2\/media\/492"}],"wp:attachment":[{"href":"https:\/\/gaudeo-fit.com\/it\/wp-json\/wp\/v2\/media?parent=41840"}],"wp:term":[{"taxonomy":"product_brand","embeddable":true,"href":"https:\/\/gaudeo-fit.com\/it\/wp-json\/wp\/v2\/product_brand?post=41840"},{"taxonomy":"product_cat","embeddable":true,"href":"https:\/\/gaudeo-fit.com\/it\/wp-json\/wp\/v2\/product_cat?post=41840"},{"taxonomy":"product_tag","embeddable":true,"href":"https:\/\/gaudeo-fit.com\/it\/wp-json\/wp\/v2\/product_tag?post=41840"}],"curies":[{"name":"wp","href":"https:\/\/api.w.org\/{rel}","templated":true}]}}