{"id":42010,"date":"2025-10-01T20:22:11","date_gmt":"2025-10-01T18:22:11","guid":{"rendered":"https:\/\/gaudeo-fit.com\/NOVA\/?post_type=product&#038;p=42010"},"modified":"2026-03-26T20:31:54","modified_gmt":"2026-03-26T19:31:54","slug":"evolite-whey-elite-2270g","status":"publish","type":"product","link":"https:\/\/gaudeo-fit.com\/it\/product\/evolite-whey-elite-2270g\/","title":{"rendered":"Evolite Whey Elite 2270g"},"content":{"rendered":"<p>Evolite Whey Elite Protein\u00a0 je \u017eivilo za \u0161portnike in vsebuje visokokakovostno me\u0161anico izolat in koncetrata sirotkinih beljakovin.<\/p>","protected":false},"excerpt":{"rendered":"<p><strong>Evolite Whey Elite Protein\u00a0<\/strong>je \u017eivilo za \u0161portnike in vsebuje visokokakovostno me\u0161anico izolat in koncetrata sirotkinih beljakovin.<\/p>","protected":false},"featured_media":801,"comment_status":"open","ping_status":"closed","template":"","meta":[],"product_brand":[],"product_cat":[159,165,420,162,132,163,148],"product_tag":[],"class_list":{"0":"post-42010","1":"product","2":"type-product","3":"status-publish","4":"has-post-thumbnail","6":"product_cat-beljakovine-sportna-prehrana","7":"product_cat-evolite-nutrition","8":"product_cat-fitness-in-bodybuilding","9":"product_cat-mesanice","10":"product_cat-proizvajalci","11":"product_cat-sirotkine","12":"product_cat-sportna-prehrana","14":"first","15":"outofstock","16":"taxable","17":"shipping-taxable","18":"purchasable","19":"product-type-simple"},"_links":{"self":[{"href":"https:\/\/gaudeo-fit.com\/it\/wp-json\/wp\/v2\/product\/42010","targetHints":{"allow":["GET"]}}],"collection":[{"href":"https:\/\/gaudeo-fit.com\/it\/wp-json\/wp\/v2\/product"}],"about":[{"href":"https:\/\/gaudeo-fit.com\/it\/wp-json\/wp\/v2\/types\/product"}],"replies":[{"embeddable":true,"href":"https:\/\/gaudeo-fit.com\/it\/wp-json\/wp\/v2\/comments?post=42010"}],"wp:featuredmedia":[{"embeddable":true,"href":"https:\/\/gaudeo-fit.com\/it\/wp-json\/wp\/v2\/media\/801"}],"wp:attachment":[{"href":"https:\/\/gaudeo-fit.com\/it\/wp-json\/wp\/v2\/media?parent=42010"}],"wp:term":[{"taxonomy":"product_brand","embeddable":true,"href":"https:\/\/gaudeo-fit.com\/it\/wp-json\/wp\/v2\/product_brand?post=42010"},{"taxonomy":"product_cat","embeddable":true,"href":"https:\/\/gaudeo-fit.com\/it\/wp-json\/wp\/v2\/product_cat?post=42010"},{"taxonomy":"product_tag","embeddable":true,"href":"https:\/\/gaudeo-fit.com\/it\/wp-json\/wp\/v2\/product_tag?post=42010"}],"curies":[{"name":"wp","href":"https:\/\/api.w.org\/{rel}","templated":true}]}}