{"id":42085,"date":"2025-10-01T18:22:18","date_gmt":"2025-10-01T18:22:18","guid":{"rendered":"https:\/\/gaudeo-fit.com\/NOVA\/?post_type=product&#038;p=42085"},"modified":"2026-03-26T16:52:36","modified_gmt":"2026-03-26T15:52:36","slug":"warrior-rage-pre-workout-392g","status":"publish","type":"product","link":"https:\/\/gaudeo-fit.com\/it\/product\/warrior-rage-pre-workout-392g\/","title":{"rendered":"Warrior RAGE Pre-Allenamento 392g"},"content":{"rendered":"","protected":false},"excerpt":{"rendered":"<p><strong>Warrior RAGE Pre Workout\u00a0<\/strong>je prehransko dopolnilo in je namenjen vsem, ki si \u017eelijo ve\u010d mo\u010di, eksplozivnosti in hitrej\u0161ega napredka.<\/p>","protected":false},"featured_media":946,"comment_status":"open","ping_status":"closed","template":"","meta":[],"product_brand":[],"product_cat":[420,190,132,148,149,151],"product_tag":[],"class_list":{"0":"post-42085","1":"product","2":"type-product","3":"status-publish","4":"has-post-thumbnail","6":"product_cat-fitness-in-bodybuilding","7":"product_cat-pre-workout","8":"product_cat-proizvajalci","9":"product_cat-sportna-prehrana","10":"product_cat-vzdrzljivost","11":"product_cat-warrior","13":"first","14":"outofstock","15":"taxable","16":"shipping-taxable","17":"purchasable","18":"product-type-variable","19":"has-default-attributes"},"_links":{"self":[{"href":"https:\/\/gaudeo-fit.com\/it\/wp-json\/wp\/v2\/product\/42085","targetHints":{"allow":["GET"]}}],"collection":[{"href":"https:\/\/gaudeo-fit.com\/it\/wp-json\/wp\/v2\/product"}],"about":[{"href":"https:\/\/gaudeo-fit.com\/it\/wp-json\/wp\/v2\/types\/product"}],"replies":[{"embeddable":true,"href":"https:\/\/gaudeo-fit.com\/it\/wp-json\/wp\/v2\/comments?post=42085"}],"wp:featuredmedia":[{"embeddable":true,"href":"https:\/\/gaudeo-fit.com\/it\/wp-json\/wp\/v2\/media\/946"}],"wp:attachment":[{"href":"https:\/\/gaudeo-fit.com\/it\/wp-json\/wp\/v2\/media?parent=42085"}],"wp:term":[{"taxonomy":"product_brand","embeddable":true,"href":"https:\/\/gaudeo-fit.com\/it\/wp-json\/wp\/v2\/product_brand?post=42085"},{"taxonomy":"product_cat","embeddable":true,"href":"https:\/\/gaudeo-fit.com\/it\/wp-json\/wp\/v2\/product_cat?post=42085"},{"taxonomy":"product_tag","embeddable":true,"href":"https:\/\/gaudeo-fit.com\/it\/wp-json\/wp\/v2\/product_tag?post=42085"}],"curies":[{"name":"wp","href":"https:\/\/api.w.org\/{rel}","templated":true}]}}