{"id":42163,"date":"2025-10-01T20:22:28","date_gmt":"2025-10-01T18:22:28","guid":{"rendered":"https:\/\/gaudeo-fit.com\/NOVA\/?post_type=product&#038;p=42163"},"modified":"2026-03-26T21:19:25","modified_gmt":"2026-03-26T20:19:25","slug":"juice-monster-mango-loco","status":"publish","type":"product","link":"https:\/\/gaudeo-fit.com\/it\/product\/juice-monster-mango-loco\/","title":{"rendered":"Monster Energy Mango Loco Juiced 500ml"},"content":{"rendered":"<p>Juiced Monster Mango Loco 500ml plo\u010devinka \u2013 gazirana energijska pija\u010da s taurinom, L-karnitinom, inozitolom in vitamini skupine B. Mango Loco je nebe\u0161ka me\u0161anica eksoti\u010dnih okusov sokov, ki bo zagotovo pritegnila tudi najbolj trmastega duha. Sok Monster zagotavlja polne okuse sadja s 160 mg kofeina. Za najve\u010djo osve\u017eitev postrezite hladen.<\/p>","protected":false},"excerpt":{"rendered":"<p>Juiced Monster Mango Loco lattina da 500 ml - bevanda energetica gassata con taurina, L-carnitina, inositolo e vitamine del gruppo B. Mango Loco \u00e8 una miscela paradisiaca di sapori esotici di succo di frutta che sicuramente conquister\u00e0 anche gli spiriti pi\u00f9 ostinati. Monster Juice offre un gusto pieno di frutta con 160 mg di caffeina. Servire freddo per ottenere il massimo del refrigerio.<\/p>","protected":false},"featured_media":1062,"comment_status":"open","ping_status":"closed","template":"","meta":[],"product_brand":[],"product_cat":[188,195,132,149],"product_tag":[],"class_list":{"0":"post-42163","1":"product","2":"type-product","3":"status-publish","4":"has-post-thumbnail","6":"product_cat-energijski-napitki","7":"product_cat-monster","8":"product_cat-proizvajalci","9":"product_cat-vzdrzljivost","11":"first","12":"instock","13":"taxable","14":"shipping-taxable","15":"purchasable","16":"product-type-variable","17":"has-default-attributes"},"_links":{"self":[{"href":"https:\/\/gaudeo-fit.com\/it\/wp-json\/wp\/v2\/product\/42163","targetHints":{"allow":["GET"]}}],"collection":[{"href":"https:\/\/gaudeo-fit.com\/it\/wp-json\/wp\/v2\/product"}],"about":[{"href":"https:\/\/gaudeo-fit.com\/it\/wp-json\/wp\/v2\/types\/product"}],"replies":[{"embeddable":true,"href":"https:\/\/gaudeo-fit.com\/it\/wp-json\/wp\/v2\/comments?post=42163"}],"wp:featuredmedia":[{"embeddable":true,"href":"https:\/\/gaudeo-fit.com\/it\/wp-json\/wp\/v2\/media\/1062"}],"wp:attachment":[{"href":"https:\/\/gaudeo-fit.com\/it\/wp-json\/wp\/v2\/media?parent=42163"}],"wp:term":[{"taxonomy":"product_brand","embeddable":true,"href":"https:\/\/gaudeo-fit.com\/it\/wp-json\/wp\/v2\/product_brand?post=42163"},{"taxonomy":"product_cat","embeddable":true,"href":"https:\/\/gaudeo-fit.com\/it\/wp-json\/wp\/v2\/product_cat?post=42163"},{"taxonomy":"product_tag","embeddable":true,"href":"https:\/\/gaudeo-fit.com\/it\/wp-json\/wp\/v2\/product_tag?post=42163"}],"curies":[{"name":"wp","href":"https:\/\/api.w.org\/{rel}","templated":true}]}}