{"id":42172,"date":"2025-10-01T20:22:28","date_gmt":"2025-10-01T18:22:28","guid":{"rendered":"https:\/\/gaudeo-fit.com\/NOVA\/?post_type=product&#038;p=42172"},"modified":"2026-03-30T18:57:49","modified_gmt":"2026-03-30T16:57:49","slug":"juice-monster-pipeline-punch","status":"publish","type":"product","link":"https:\/\/gaudeo-fit.com\/it\/product\/juice-monster-pipeline-punch\/","title":{"rendered":"Monster Energy Juice PIPELINE PUNCH 500ml"},"content":{"rendered":"<p>Punch Monster Pipeline Punch 500ml plo\u010devinka \u2013 gazirana energijska pija\u010da s taurinom, L-karnitinom, inozitolom in vitamini skupine B. Monster Energy Pipeline Punch je popolna me\u0161anica najbolj\u0161ih okusov, ki jih ponujajo Havaji, in me\u0161anice Monster Energy. Juiced Monster zagotavlja poln sadni okus s 160 mg kofeina. Za najve\u010djo osve\u017eitev postrezite hladen.<\/p>","protected":false},"excerpt":{"rendered":"<p>Punch Monster Pipeline Punch 500ml plo\u010devinka &#8211; gazirana energijska pija\u010da s taurinom, L-karnitinom, inozitolom in vitamini skupine B. Monster Energy Pipeline Punch je popolna me\u0161anica najbolj\u0161ih okusov, ki jih ponujajo Havaji, in me\u0161anice Monster Energy. Juiced Monster zagotavlja poln sadni okus s 160 mg kofeina. Za najve\u010djo osve\u017eitev postrezite hladen.<\/p>","protected":false},"featured_media":1065,"comment_status":"open","ping_status":"closed","template":"","meta":[],"product_brand":[],"product_cat":[188,195,132,149],"product_tag":[],"class_list":{"0":"post-42172","1":"product","2":"type-product","3":"status-publish","4":"has-post-thumbnail","6":"product_cat-energijski-napitki","7":"product_cat-monster","8":"product_cat-proizvajalci","9":"product_cat-vzdrzljivost","11":"first","12":"outofstock","13":"sale","14":"taxable","15":"shipping-taxable","16":"purchasable","17":"product-type-variable","18":"has-default-attributes"},"_links":{"self":[{"href":"https:\/\/gaudeo-fit.com\/it\/wp-json\/wp\/v2\/product\/42172","targetHints":{"allow":["GET"]}}],"collection":[{"href":"https:\/\/gaudeo-fit.com\/it\/wp-json\/wp\/v2\/product"}],"about":[{"href":"https:\/\/gaudeo-fit.com\/it\/wp-json\/wp\/v2\/types\/product"}],"replies":[{"embeddable":true,"href":"https:\/\/gaudeo-fit.com\/it\/wp-json\/wp\/v2\/comments?post=42172"}],"wp:featuredmedia":[{"embeddable":true,"href":"https:\/\/gaudeo-fit.com\/it\/wp-json\/wp\/v2\/media\/1065"}],"wp:attachment":[{"href":"https:\/\/gaudeo-fit.com\/it\/wp-json\/wp\/v2\/media?parent=42172"}],"wp:term":[{"taxonomy":"product_brand","embeddable":true,"href":"https:\/\/gaudeo-fit.com\/it\/wp-json\/wp\/v2\/product_brand?post=42172"},{"taxonomy":"product_cat","embeddable":true,"href":"https:\/\/gaudeo-fit.com\/it\/wp-json\/wp\/v2\/product_cat?post=42172"},{"taxonomy":"product_tag","embeddable":true,"href":"https:\/\/gaudeo-fit.com\/it\/wp-json\/wp\/v2\/product_tag?post=42172"}],"curies":[{"name":"wp","href":"https:\/\/api.w.org\/{rel}","templated":true}]}}