{"id":42187,"date":"2025-10-01T18:22:31","date_gmt":"2025-10-01T18:22:31","guid":{"rendered":"https:\/\/gaudeo-fit.com\/NOVA\/?post_type=product&#038;p=42187"},"modified":"2026-03-26T17:23:57","modified_gmt":"2026-03-26T16:23:57","slug":"ostrovit-supreme-eaa-1150-mg-300-caps","status":"publish","type":"product","link":"https:\/\/gaudeo-fit.com\/it\/product\/ostrovit-supreme-eaa-1150-mg-300-caps\/","title":{"rendered":"OstroVit EAA 5750 mg 300 Kapsul"},"content":{"rendered":"","protected":false},"excerpt":{"rendered":"<p><strong>OstroVit EAA<\/strong>\u00a0je prehransko dopolnilo v kapsulah, ki dopolnjuje na\u0161o prehrano z esencialnimi eksogenimi aminokislinami, ki jih \u010dlove\u0161ko telo ne more samo sintetizirati.<\/p>","protected":false},"featured_media":45242,"comment_status":"open","ping_status":"closed","template":"","meta":[],"product_brand":[],"product_cat":[184,196,420,135,132,148],"product_tag":[],"class_list":{"0":"post-42187","1":"product","2":"type-product","3":"status-publish","4":"has-post-thumbnail","6":"product_cat-aminokisline","7":"product_cat-eaa","8":"product_cat-fitness-in-bodybuilding","9":"product_cat-ostrovit","10":"product_cat-proizvajalci","11":"product_cat-sportna-prehrana","13":"first","14":"instock","15":"taxable","16":"shipping-taxable","17":"purchasable","18":"product-type-simple"},"_links":{"self":[{"href":"https:\/\/gaudeo-fit.com\/it\/wp-json\/wp\/v2\/product\/42187","targetHints":{"allow":["GET"]}}],"collection":[{"href":"https:\/\/gaudeo-fit.com\/it\/wp-json\/wp\/v2\/product"}],"about":[{"href":"https:\/\/gaudeo-fit.com\/it\/wp-json\/wp\/v2\/types\/product"}],"replies":[{"embeddable":true,"href":"https:\/\/gaudeo-fit.com\/it\/wp-json\/wp\/v2\/comments?post=42187"}],"wp:featuredmedia":[{"embeddable":true,"href":"https:\/\/gaudeo-fit.com\/it\/wp-json\/wp\/v2\/media\/45242"}],"wp:attachment":[{"href":"https:\/\/gaudeo-fit.com\/it\/wp-json\/wp\/v2\/media?parent=42187"}],"wp:term":[{"taxonomy":"product_brand","embeddable":true,"href":"https:\/\/gaudeo-fit.com\/it\/wp-json\/wp\/v2\/product_brand?post=42187"},{"taxonomy":"product_cat","embeddable":true,"href":"https:\/\/gaudeo-fit.com\/it\/wp-json\/wp\/v2\/product_cat?post=42187"},{"taxonomy":"product_tag","embeddable":true,"href":"https:\/\/gaudeo-fit.com\/it\/wp-json\/wp\/v2\/product_tag?post=42187"}],"curies":[{"name":"wp","href":"https:\/\/api.w.org\/{rel}","templated":true}]}}