{"id":42205,"date":"2025-10-01T18:22:31","date_gmt":"2025-10-01T18:22:31","guid":{"rendered":"https:\/\/gaudeo-fit.com\/NOVA\/?post_type=product&#038;p=42205"},"modified":"2026-03-28T10:22:17","modified_gmt":"2026-03-28T09:22:17","slug":"ostrovit-beta-alanine-200g","status":"publish","type":"product","link":"https:\/\/gaudeo-fit.com\/it\/product\/ostrovit-beta-alanine-200g\/","title":{"rendered":"OstroVit Beta-Alanina 200g"},"content":{"rendered":"","protected":false},"excerpt":{"rendered":"<p><strong>OstroVit Beta-Alanina Gusto Vero<\/strong>\u00a0\u00e8 un integratore alimentare che pu\u00f2 essere utilizzato durante gli allenamenti pi\u00f9 impegnativi. L'integratore micronizzato \u00e8 stato creato per gli atleti che vogliono migliorare il potenziale delle loro prestazioni.<\/p>","protected":false},"featured_media":1130,"comment_status":"open","ping_status":"closed","template":"","meta":[],"product_brand":[],"product_cat":[184,420,422,185,135,132,148,421,149],"product_tag":[],"class_list":{"0":"post-42205","1":"product","2":"type-product","3":"status-publish","4":"has-post-thumbnail","6":"product_cat-aminokisline","7":"product_cat-fitness-in-bodybuilding","8":"product_cat-kolesarjenje","9":"product_cat-ostale","10":"product_cat-ostrovit","11":"product_cat-proizvajalci","12":"product_cat-sportna-prehrana","13":"product_cat-tek","14":"product_cat-vzdrzljivost","16":"first","17":"instock","18":"taxable","19":"shipping-taxable","20":"purchasable","21":"product-type-variable","22":"has-default-attributes"},"_links":{"self":[{"href":"https:\/\/gaudeo-fit.com\/it\/wp-json\/wp\/v2\/product\/42205","targetHints":{"allow":["GET"]}}],"collection":[{"href":"https:\/\/gaudeo-fit.com\/it\/wp-json\/wp\/v2\/product"}],"about":[{"href":"https:\/\/gaudeo-fit.com\/it\/wp-json\/wp\/v2\/types\/product"}],"replies":[{"embeddable":true,"href":"https:\/\/gaudeo-fit.com\/it\/wp-json\/wp\/v2\/comments?post=42205"}],"wp:featuredmedia":[{"embeddable":true,"href":"https:\/\/gaudeo-fit.com\/it\/wp-json\/wp\/v2\/media\/1130"}],"wp:attachment":[{"href":"https:\/\/gaudeo-fit.com\/it\/wp-json\/wp\/v2\/media?parent=42205"}],"wp:term":[{"taxonomy":"product_brand","embeddable":true,"href":"https:\/\/gaudeo-fit.com\/it\/wp-json\/wp\/v2\/product_brand?post=42205"},{"taxonomy":"product_cat","embeddable":true,"href":"https:\/\/gaudeo-fit.com\/it\/wp-json\/wp\/v2\/product_cat?post=42205"},{"taxonomy":"product_tag","embeddable":true,"href":"https:\/\/gaudeo-fit.com\/it\/wp-json\/wp\/v2\/product_tag?post=42205"}],"curies":[{"name":"wp","href":"https:\/\/api.w.org\/{rel}","templated":true}]}}