{"id":42209,"date":"2025-10-01T20:22:34","date_gmt":"2025-10-01T18:22:34","guid":{"rendered":"https:\/\/gaudeo-fit.com\/NOVA\/?post_type=product&#038;p=42209"},"modified":"2026-03-26T11:31:28","modified_gmt":"2026-03-26T10:31:28","slug":"applied-nutrition-l-glutamine-250g","status":"publish","type":"product","link":"https:\/\/gaudeo-fit.com\/it\/product\/applied-nutrition-l-glutamine-250g\/","title":{"rendered":"L-Glutammina di Applied Nutrition 250 g"},"content":{"rendered":"<p>Applied Nutrition L-Glutamine\u00a0 je \u017eivilo za \u0161portnike v obliki praha in vsebuje aminokislino L-glutamin.<\/p>\n<p>Testirano za \u0161portnike<\/p>\n<p>primerno za vegetarijance<\/p>\n<p>\u010disti mikroniziran L-glutamin<\/p>\n<p>Aminokislina z najvi\u0161jim dele\u017eem v na\u0161em telesu<\/p>\n<p>enostavno me\u0161anje<\/p>","protected":false},"excerpt":{"rendered":"<p><strong>Applied Nutrition L-Glutamine\u00a0<\/strong>je \u017eivilo za \u0161portnike v obliki praha in vsebuje aminokislino L-glutamin.<\/p>\n<ul>\n<li>Testirano za \u0161portnike<\/li>\n<li>primerno za vegetarijance<\/li>\n<li>\u010disti mikroniziran L-glutamin<\/li>\n<li>Aminokislina z najvi\u0161jim dele\u017eem v na\u0161em telesu<\/li>\n<li>enostavno me\u0161anje<\/li>\n<\/ul>","protected":false},"featured_media":1132,"comment_status":"open","ping_status":"closed","template":"","meta":[],"product_brand":[],"product_cat":[184,201],"product_tag":[],"class_list":{"0":"post-42209","1":"product","2":"type-product","3":"status-publish","4":"has-post-thumbnail","6":"product_cat-aminokisline","7":"product_cat-glutamin","9":"first","10":"outofstock","11":"taxable","12":"shipping-taxable","13":"purchasable","14":"product-type-simple"},"_links":{"self":[{"href":"https:\/\/gaudeo-fit.com\/it\/wp-json\/wp\/v2\/product\/42209","targetHints":{"allow":["GET"]}}],"collection":[{"href":"https:\/\/gaudeo-fit.com\/it\/wp-json\/wp\/v2\/product"}],"about":[{"href":"https:\/\/gaudeo-fit.com\/it\/wp-json\/wp\/v2\/types\/product"}],"replies":[{"embeddable":true,"href":"https:\/\/gaudeo-fit.com\/it\/wp-json\/wp\/v2\/comments?post=42209"}],"wp:featuredmedia":[{"embeddable":true,"href":"https:\/\/gaudeo-fit.com\/it\/wp-json\/wp\/v2\/media\/1132"}],"wp:attachment":[{"href":"https:\/\/gaudeo-fit.com\/it\/wp-json\/wp\/v2\/media?parent=42209"}],"wp:term":[{"taxonomy":"product_brand","embeddable":true,"href":"https:\/\/gaudeo-fit.com\/it\/wp-json\/wp\/v2\/product_brand?post=42209"},{"taxonomy":"product_cat","embeddable":true,"href":"https:\/\/gaudeo-fit.com\/it\/wp-json\/wp\/v2\/product_cat?post=42209"},{"taxonomy":"product_tag","embeddable":true,"href":"https:\/\/gaudeo-fit.com\/it\/wp-json\/wp\/v2\/product_tag?post=42209"}],"curies":[{"name":"wp","href":"https:\/\/api.w.org\/{rel}","templated":true}]}}