{"id":42219,"date":"2025-10-01T20:22:34","date_gmt":"2025-10-01T18:22:34","guid":{"rendered":"https:\/\/gaudeo-fit.com\/NOVA\/?post_type=product&#038;p=42219"},"modified":"2026-03-26T20:35:41","modified_gmt":"2026-03-26T19:35:41","slug":"ostrovit-ala-90-tablets","status":"publish","type":"product","link":"https:\/\/gaudeo-fit.com\/it\/product\/ostrovit-ala-90-tablets\/","title":{"rendered":"OstroVit ALA 90 Compresse"},"content":{"rendered":"<p>OstroVit ALA\u00a0 je naravno prehransko dopolnilo v tabletah, ki vsebuje visoko kakovostno sestavino, to je alfa-lipoi\u010dna kislina. To je eden naju\u010dinkovitej\u0161ih antioksidantov, ki se priporo\u010da vsem v obdobjih pove\u010danega fizi\u010dnega in du\u0161evnega napora.<\/p>","protected":false},"excerpt":{"rendered":"<p><strong>OstroVit ALA\u00a0<\/strong>je naravno prehransko dopolnilo v tabletah, ki vsebuje visoko kakovostno sestavino, to je alfa-lipoi\u010dna kislina. To je eden naju\u010dinkovitej\u0161ih antioksidantov, ki se priporo\u010da vsem v obdobjih pove\u010danega fizi\u010dnega in du\u0161evnega napora.<\/p>","protected":false},"featured_media":1163,"comment_status":"open","ping_status":"closed","template":"","meta":[],"product_brand":[],"product_cat":[203,179,135,132,148,156,170],"product_tag":[],"class_list":{"0":"post-42219","1":"product","2":"type-product","3":"status-publish","4":"has-post-thumbnail","6":"product_cat-antioksidanti","7":"product_cat-dobro-pocutje","8":"product_cat-ostrovit","9":"product_cat-proizvajalci","10":"product_cat-sportna-prehrana","11":"product_cat-vegan","12":"product_cat-vitamini","14":"first","15":"outofstock","16":"taxable","17":"shipping-taxable","18":"purchasable","19":"product-type-simple"},"_links":{"self":[{"href":"https:\/\/gaudeo-fit.com\/it\/wp-json\/wp\/v2\/product\/42219","targetHints":{"allow":["GET"]}}],"collection":[{"href":"https:\/\/gaudeo-fit.com\/it\/wp-json\/wp\/v2\/product"}],"about":[{"href":"https:\/\/gaudeo-fit.com\/it\/wp-json\/wp\/v2\/types\/product"}],"replies":[{"embeddable":true,"href":"https:\/\/gaudeo-fit.com\/it\/wp-json\/wp\/v2\/comments?post=42219"}],"wp:featuredmedia":[{"embeddable":true,"href":"https:\/\/gaudeo-fit.com\/it\/wp-json\/wp\/v2\/media\/1163"}],"wp:attachment":[{"href":"https:\/\/gaudeo-fit.com\/it\/wp-json\/wp\/v2\/media?parent=42219"}],"wp:term":[{"taxonomy":"product_brand","embeddable":true,"href":"https:\/\/gaudeo-fit.com\/it\/wp-json\/wp\/v2\/product_brand?post=42219"},{"taxonomy":"product_cat","embeddable":true,"href":"https:\/\/gaudeo-fit.com\/it\/wp-json\/wp\/v2\/product_cat?post=42219"},{"taxonomy":"product_tag","embeddable":true,"href":"https:\/\/gaudeo-fit.com\/it\/wp-json\/wp\/v2\/product_tag?post=42219"}],"curies":[{"name":"wp","href":"https:\/\/api.w.org\/{rel}","templated":true}]}}