{"id":42224,"date":"2025-10-01T18:22:35","date_gmt":"2025-10-01T18:22:35","guid":{"rendered":"https:\/\/gaudeo-fit.com\/NOVA\/?post_type=product&#038;p=42224"},"modified":"2026-03-26T19:27:41","modified_gmt":"2026-03-26T18:27:41","slug":"ostrovit-peanut-butter-chocolate-hazelnut-in-caramel-500g","status":"publish","type":"product","link":"https:\/\/gaudeo-fit.com\/it\/product\/ostrovit-peanut-butter-chocolate-hazelnut-in-caramel-500g\/","title":{"rendered":"OstroVit Burro di Arachidi Cioccolato Nocciola in Caramello 500g"},"content":{"rendered":"","protected":false},"excerpt":{"rendered":"<p><strong>OstroVit Peanut Butter Chocolate Hazelnut in Caramel\u00a0<\/strong>je \u017eivilo ki vsebuje 100% naravno ara\u0161idovo maslo s \u010dokolado in kot dodatek karamelizirane ko\u0161\u010dke le\u0161nika.<\/p>\n<ul>\n<li>Velika vsebnost beljakovin in zdravih ma\u0161\u010dob<\/li>\n<li>Ne vsebuje palmovega olja<\/li>\n<li>Brez sladkorja<\/li>\n<\/ul>","protected":false},"featured_media":1171,"comment_status":"open","ping_status":"closed","template":"","meta":[],"product_brand":[],"product_cat":[175,135,139,132,148,170,205],"product_tag":[],"class_list":{"0":"post-42224","1":"product","2":"type-product","3":"status-publish","4":"has-post-thumbnail","6":"product_cat-namazi","7":"product_cat-ostrovit","8":"product_cat-prigrizki","9":"product_cat-proizvajalci","10":"product_cat-sportna-prehrana","11":"product_cat-vitamini","12":"product_cat-zdrave-mascobe","14":"first","15":"outofstock","16":"taxable","17":"shipping-taxable","18":"purchasable","19":"product-type-simple"},"_links":{"self":[{"href":"https:\/\/gaudeo-fit.com\/it\/wp-json\/wp\/v2\/product\/42224","targetHints":{"allow":["GET"]}}],"collection":[{"href":"https:\/\/gaudeo-fit.com\/it\/wp-json\/wp\/v2\/product"}],"about":[{"href":"https:\/\/gaudeo-fit.com\/it\/wp-json\/wp\/v2\/types\/product"}],"replies":[{"embeddable":true,"href":"https:\/\/gaudeo-fit.com\/it\/wp-json\/wp\/v2\/comments?post=42224"}],"wp:featuredmedia":[{"embeddable":true,"href":"https:\/\/gaudeo-fit.com\/it\/wp-json\/wp\/v2\/media\/1171"}],"wp:attachment":[{"href":"https:\/\/gaudeo-fit.com\/it\/wp-json\/wp\/v2\/media?parent=42224"}],"wp:term":[{"taxonomy":"product_brand","embeddable":true,"href":"https:\/\/gaudeo-fit.com\/it\/wp-json\/wp\/v2\/product_brand?post=42224"},{"taxonomy":"product_cat","embeddable":true,"href":"https:\/\/gaudeo-fit.com\/it\/wp-json\/wp\/v2\/product_cat?post=42224"},{"taxonomy":"product_tag","embeddable":true,"href":"https:\/\/gaudeo-fit.com\/it\/wp-json\/wp\/v2\/product_tag?post=42224"}],"curies":[{"name":"wp","href":"https:\/\/api.w.org\/{rel}","templated":true}]}}