{"id":42226,"date":"2025-10-01T18:22:35","date_gmt":"2025-10-01T18:22:35","guid":{"rendered":"https:\/\/gaudeo-fit.com\/NOVA\/?post_type=product&#038;p=42226"},"modified":"2026-03-26T17:55:11","modified_gmt":"2026-03-26T16:55:11","slug":"ostrovit-pharma-pro-60-biotic-lactospore-60-capsules","status":"publish","type":"product","link":"https:\/\/gaudeo-fit.com\/it\/product\/ostrovit-pharma-pro-60-biotic-lactospore-60-capsules\/","title":{"rendered":"OstroVit Pharma PRO-60 BIOTIC LactoSpore\u00ae 60 Capsule"},"content":{"rendered":"","protected":false},"excerpt":{"rendered":"<p><strong>OstroVit Pharma PRO-60 BIOTIC LactoSpore\u00ae<\/strong>\u00a0\u00a0je prehransko dopolnilo v kapsulah, ki vsebujejo \u017eive kulture probioti\u010dnih bakterij \u2013 Bacillus coagulans MTCC 5856 LactoSpore, patentiran s strani Sabinse.<\/p>\n<ul>\n<li>Uravnote\u017eena \u010drevesna mikroflora<\/li>\n<li>Lahko pomaga bla\u017eiti simptome razdra\u017eenega \u010drevesja<\/li>\n<\/ul>","protected":false},"featured_media":1173,"comment_status":"open","ping_status":"closed","template":"","meta":[],"product_brand":[],"product_cat":[179,135,132,148,419,170],"product_tag":[],"class_list":{"0":"post-42226","1":"product","2":"type-product","3":"status-publish","4":"has-post-thumbnail","6":"product_cat-dobro-pocutje","7":"product_cat-ostrovit","8":"product_cat-proizvajalci","9":"product_cat-sportna-prehrana","10":"product_cat-vitalnost","11":"product_cat-vitamini","13":"first","14":"instock","15":"taxable","16":"shipping-taxable","17":"purchasable","18":"product-type-simple"},"_links":{"self":[{"href":"https:\/\/gaudeo-fit.com\/it\/wp-json\/wp\/v2\/product\/42226","targetHints":{"allow":["GET"]}}],"collection":[{"href":"https:\/\/gaudeo-fit.com\/it\/wp-json\/wp\/v2\/product"}],"about":[{"href":"https:\/\/gaudeo-fit.com\/it\/wp-json\/wp\/v2\/types\/product"}],"replies":[{"embeddable":true,"href":"https:\/\/gaudeo-fit.com\/it\/wp-json\/wp\/v2\/comments?post=42226"}],"wp:featuredmedia":[{"embeddable":true,"href":"https:\/\/gaudeo-fit.com\/it\/wp-json\/wp\/v2\/media\/1173"}],"wp:attachment":[{"href":"https:\/\/gaudeo-fit.com\/it\/wp-json\/wp\/v2\/media?parent=42226"}],"wp:term":[{"taxonomy":"product_brand","embeddable":true,"href":"https:\/\/gaudeo-fit.com\/it\/wp-json\/wp\/v2\/product_brand?post=42226"},{"taxonomy":"product_cat","embeddable":true,"href":"https:\/\/gaudeo-fit.com\/it\/wp-json\/wp\/v2\/product_cat?post=42226"},{"taxonomy":"product_tag","embeddable":true,"href":"https:\/\/gaudeo-fit.com\/it\/wp-json\/wp\/v2\/product_tag?post=42226"}],"curies":[{"name":"wp","href":"https:\/\/api.w.org\/{rel}","templated":true}]}}