{"id":42233,"date":"2025-10-01T18:22:35","date_gmt":"2025-10-01T18:22:35","guid":{"rendered":"https:\/\/gaudeo-fit.com\/NOVA\/?post_type=product&#038;p=42233"},"modified":"2025-10-01T18:22:38","modified_gmt":"2025-10-01T18:22:38","slug":"ostrovit-omega-3-6-9-180-caps","status":"publish","type":"product","link":"https:\/\/gaudeo-fit.com\/it\/product\/ostrovit-omega-3-6-9-180-caps\/","title":{"rendered":"OstroVit Omega 3-6-9 180 Cap."},"content":{"rendered":"","protected":false},"excerpt":{"rendered":"<p><strong>OstroVit Omega 3-6-9 OstroVit<\/strong>\u00a0je prehransko dopolnilo v kapsulah, ki vsebujejo omega 3 ma\u0161\u010dobne kisline (EPA, DHA, ALA), Omega 6 (LA) in Omega 9 (OA), obogateno z vitaminom E. Omega 3, 6, 9 so esencialne nenasi\u010dene ma\u0161\u010dobne kisline. Pravi dele\u017e vseh nenasi\u010denih kislin je zelo pomemben!<\/p>","protected":false},"featured_media":1180,"comment_status":"open","ping_status":"closed","template":"","meta":[],"product_brand":[],"product_cat":[207,135,132,148,170,205],"product_tag":[],"class_list":{"0":"post-42233","1":"product","2":"type-product","3":"status-publish","4":"has-post-thumbnail","6":"product_cat-omega-3","7":"product_cat-ostrovit","8":"product_cat-proizvajalci","9":"product_cat-sportna-prehrana","10":"product_cat-vitamini","11":"product_cat-zdrave-mascobe","13":"first","14":"instock","15":"taxable","16":"shipping-taxable","17":"purchasable","18":"product-type-simple"},"_links":{"self":[{"href":"https:\/\/gaudeo-fit.com\/it\/wp-json\/wp\/v2\/product\/42233","targetHints":{"allow":["GET"]}}],"collection":[{"href":"https:\/\/gaudeo-fit.com\/it\/wp-json\/wp\/v2\/product"}],"about":[{"href":"https:\/\/gaudeo-fit.com\/it\/wp-json\/wp\/v2\/types\/product"}],"replies":[{"embeddable":true,"href":"https:\/\/gaudeo-fit.com\/it\/wp-json\/wp\/v2\/comments?post=42233"}],"wp:featuredmedia":[{"embeddable":true,"href":"https:\/\/gaudeo-fit.com\/it\/wp-json\/wp\/v2\/media\/1180"}],"wp:attachment":[{"href":"https:\/\/gaudeo-fit.com\/it\/wp-json\/wp\/v2\/media?parent=42233"}],"wp:term":[{"taxonomy":"product_brand","embeddable":true,"href":"https:\/\/gaudeo-fit.com\/it\/wp-json\/wp\/v2\/product_brand?post=42233"},{"taxonomy":"product_cat","embeddable":true,"href":"https:\/\/gaudeo-fit.com\/it\/wp-json\/wp\/v2\/product_cat?post=42233"},{"taxonomy":"product_tag","embeddable":true,"href":"https:\/\/gaudeo-fit.com\/it\/wp-json\/wp\/v2\/product_tag?post=42233"}],"curies":[{"name":"wp","href":"https:\/\/api.w.org\/{rel}","templated":true}]}}