{"id":44478,"date":"2026-02-09T15:00:57","date_gmt":"2026-02-09T14:00:57","guid":{"rendered":"https:\/\/gaudeo-fit.com\/?post_type=product&#038;p=44478"},"modified":"2026-03-27T10:20:57","modified_gmt":"2026-03-27T09:20:57","slug":"7nutrition-melatonin-60-caps","status":"publish","type":"product","link":"https:\/\/gaudeo-fit.com\/it\/product\/7nutrition-melatonin-60-caps\/","title":{"rendered":"7Nutrition Melatonin 60 Caps"},"content":{"rendered":"<p>7Nurition \u00a0je prehransko dopolnilo v tabletah, ki vsebujejo melatonin. Izdelek je posebej priporo\u010dljiv za ljudi, ki imajo te\u017eave s spanjem, delajo v izmenskih smenah, potujejo in pogosto spreminjajo \u010dasovne pasove.<\/p>","protected":false},"excerpt":{"rendered":"<p><strong>7Nurition<\/strong>\u00a0je prehransko dopolnilo v tabletah, ki vsebujejo melatonin. Izdelek je posebej priporo\u010dljiv za ljudi, ki imajo te\u017eave s spanjem, delajo v izmenskih smenah, potujejo in pogosto spreminjajo \u010dasovne pasove.<\/p>","protected":false},"featured_media":44481,"comment_status":"open","ping_status":"closed","template":"","meta":[],"product_brand":[],"product_cat":[891,203,179,132,148,170],"product_tag":[],"class_list":{"0":"post-44478","1":"product","2":"type-product","3":"status-publish","4":"has-post-thumbnail","6":"product_cat-7nutrition","7":"product_cat-antioksidanti","8":"product_cat-dobro-pocutje","9":"product_cat-proizvajalci","10":"product_cat-sportna-prehrana","11":"product_cat-vitamini","13":"first","14":"instock","15":"taxable","16":"shipping-taxable","17":"purchasable","18":"product-type-simple"},"_links":{"self":[{"href":"https:\/\/gaudeo-fit.com\/it\/wp-json\/wp\/v2\/product\/44478","targetHints":{"allow":["GET"]}}],"collection":[{"href":"https:\/\/gaudeo-fit.com\/it\/wp-json\/wp\/v2\/product"}],"about":[{"href":"https:\/\/gaudeo-fit.com\/it\/wp-json\/wp\/v2\/types\/product"}],"replies":[{"embeddable":true,"href":"https:\/\/gaudeo-fit.com\/it\/wp-json\/wp\/v2\/comments?post=44478"}],"wp:featuredmedia":[{"embeddable":true,"href":"https:\/\/gaudeo-fit.com\/it\/wp-json\/wp\/v2\/media\/44481"}],"wp:attachment":[{"href":"https:\/\/gaudeo-fit.com\/it\/wp-json\/wp\/v2\/media?parent=44478"}],"wp:term":[{"taxonomy":"product_brand","embeddable":true,"href":"https:\/\/gaudeo-fit.com\/it\/wp-json\/wp\/v2\/product_brand?post=44478"},{"taxonomy":"product_cat","embeddable":true,"href":"https:\/\/gaudeo-fit.com\/it\/wp-json\/wp\/v2\/product_cat?post=44478"},{"taxonomy":"product_tag","embeddable":true,"href":"https:\/\/gaudeo-fit.com\/it\/wp-json\/wp\/v2\/product_tag?post=44478"}],"curies":[{"name":"wp","href":"https:\/\/api.w.org\/{rel}","templated":true}]}}